{"id":2784,"date":"2021-07-26T13:14:50","date_gmt":"2021-07-26T16:14:50","guid":{"rendered":"https:\/\/franciscobustosarteaga.com.ar\/?page_id=2784"},"modified":"2021-07-26T13:16:09","modified_gmt":"2021-07-26T16:16:09","slug":"bio","status":"publish","type":"page","link":"https:\/\/franciscobustosarteaga.com.ar\/index.php\/bio\/","title":{"rendered":"BIO"},"content":{"rendered":"\t\t<div data-elementor-type=\"wp-page\" data-elementor-id=\"2784\" class=\"elementor elementor-2784\">\n\t\t\t\t\t\t<section class=\"elementor-section elementor-top-section elementor-element elementor-element-48a3f01 elementor-section-boxed elementor-section-height-default elementor-section-height-default\" data-id=\"48a3f01\" data-element_type=\"section\" data-e-type=\"section\">\n\t\t\t\t\t\t<div class=\"elementor-container elementor-column-gap-default\">\n\t\t\t\t\t<div class=\"elementor-column elementor-col-100 elementor-top-column elementor-element elementor-element-c19ab4b\" data-id=\"c19ab4b\" data-element_type=\"column\" data-e-type=\"column\">\n\t\t\t<div class=\"elementor-widget-wrap elementor-element-populated\">\n\t\t\t\t\t\t<div class=\"elementor-element elementor-element-6e3779c elementor-widget elementor-widget-heading\" data-id=\"6e3779c\" data-element_type=\"widget\" data-e-type=\"widget\" data-widget_type=\"heading.default\">\n\t\t\t\t<div class=\"elementor-widget-container\">\n\t\t\t\t\t<h2 class=\"elementor-heading-title elementor-size-default\">BIOGRAF\u00cdA \/ BIOGRAPHY<\/h2>\t\t\t\t<\/div>\n\t\t\t\t<\/div>\n\t\t\t\t\t<\/div>\n\t\t<\/div>\n\t\t\t\t\t<\/div>\n\t\t<\/section>\n\t\t\t\t<section class=\"elementor-section elementor-top-section elementor-element elementor-element-55145b0 elementor-section-boxed elementor-section-height-default elementor-section-height-default\" data-id=\"55145b0\" data-element_type=\"section\" data-e-type=\"section\">\n\t\t\t\t\t\t<div class=\"elementor-container elementor-column-gap-default\">\n\t\t\t\t\t<div class=\"elementor-column elementor-col-100 elementor-top-column elementor-element elementor-element-1829782\" data-id=\"1829782\" data-element_type=\"column\" data-e-type=\"column\">\n\t\t\t<div class=\"elementor-widget-wrap elementor-element-populated\">\n\t\t\t\t\t\t<div class=\"elementor-element elementor-element-a31143d elementor-widget elementor-widget-image\" data-id=\"a31143d\" data-element_type=\"widget\" data-e-type=\"widget\" data-widget_type=\"image.default\">\n\t\t\t\t<div class=\"elementor-widget-container\">\n\t\t\t\t\t\t\t\t\t\t\t\t\t\t\t<img fetchpriority=\"high\" decoding=\"async\" width=\"800\" height=\"144\" src=\"https:\/\/franciscobustosarteaga.com.ar\/wp-content\/uploads\/2021\/07\/franheader-1024x184.jpg\" class=\"attachment-large size-large wp-image-2786\" alt=\"\" srcset=\"https:\/\/franciscobustosarteaga.com.ar\/wp-content\/uploads\/2021\/07\/franheader-1024x184.jpg 1024w, https:\/\/franciscobustosarteaga.com.ar\/wp-content\/uploads\/2021\/07\/franheader-300x54.jpg 300w, https:\/\/franciscobustosarteaga.com.ar\/wp-content\/uploads\/2021\/07\/franheader-768x138.jpg 768w, https:\/\/franciscobustosarteaga.com.ar\/wp-content\/uploads\/2021\/07\/franheader-600x108.jpg 600w, https:\/\/franciscobustosarteaga.com.ar\/wp-content\/uploads\/2021\/07\/franheader.jpg 1406w\" sizes=\"(max-width: 800px) 100vw, 800px\" \/>\t\t\t\t\t\t\t\t\t\t\t\t\t\t\t<\/div>\n\t\t\t\t<\/div>\n\t\t\t\t\t<\/div>\n\t\t<\/div>\n\t\t\t\t\t<\/div>\n\t\t<\/section>\n\t\t\t\t<section class=\"elementor-section elementor-top-section elementor-element elementor-element-1797d64 elementor-section-boxed elementor-section-height-default elementor-section-height-default\" data-id=\"1797d64\" data-element_type=\"section\" data-e-type=\"section\">\n\t\t\t\t\t\t<div class=\"elementor-container elementor-column-gap-default\">\n\t\t\t\t\t<div class=\"elementor-column elementor-col-100 elementor-top-column elementor-element elementor-element-22a62c0\" data-id=\"22a62c0\" data-element_type=\"column\" data-e-type=\"column\">\n\t\t\t<div class=\"elementor-widget-wrap elementor-element-populated\">\n\t\t\t\t\t\t<section class=\"elementor-section elementor-inner-section elementor-element elementor-element-d26fc9c elementor-section-boxed elementor-section-height-default elementor-section-height-default\" data-id=\"d26fc9c\" data-element_type=\"section\" data-e-type=\"section\">\n\t\t\t\t\t\t<div class=\"elementor-container elementor-column-gap-default\">\n\t\t\t\t\t<div class=\"elementor-column elementor-col-50 elementor-inner-column elementor-element elementor-element-a7a9e6a\" data-id=\"a7a9e6a\" data-element_type=\"column\" data-e-type=\"column\">\n\t\t\t<div class=\"elementor-widget-wrap elementor-element-populated\">\n\t\t\t\t\t\t<div class=\"elementor-element elementor-element-5fe78ee elementor-widget elementor-widget-text-editor\" data-id=\"5fe78ee\" data-element_type=\"widget\" data-e-type=\"widget\" data-widget_type=\"text-editor.default\">\n\t\t\t\t<div class=\"elementor-widget-container\">\n\t\t\t\t\t\t\t\t\t<p class=\"p1\">Artista Visual, nacido en Santiago de Chile, curs\u00f3 estudios de pintura en la Pontificia Universidad Cat\u00f3lica de Chile para luego radicarse en la Ciudad de Mendoza, Argentina, donde reside actualmente. En esta ciudad ha desarrollado la mayor parte de su obra, participando en diferentes muestras colectivas, salones de pintura, concursos e intervenciones art\u00edsticas.<\/p><p class=\"p1\">En el a\u00f1o 2013, con su proyecto LA DOOPLA LUM\u00cdNICA obtuvo el 5to lugar en el concurso internacional de video mapping \u201cGreco Lux\u201d en Toledo, Espa\u00f1a, organizado por VjSpain.<\/p><p class=\"p1\">En el a\u00f1o 2017 obtuvo el primer premio en el 37\u00ba Sal\u00f3n de Pintura organizado por el Concejo Profesional de Ciencias Econ\u00f3micas, realizado en la Bolsa de Comercio de Mendoza.<\/p><p class=\"p1\">Su versatilidad lo ha llevado a trabajar en diferentes \u00e1mbitos como la pintura, ilustraci\u00f3n, post-producci\u00f3n, video instalaci\u00f3n, vjing, dise\u00f1o y animaci\u00f3n.<\/p>\t\t\t\t\t\t\t\t<\/div>\n\t\t\t\t<\/div>\n\t\t\t\t\t<\/div>\n\t\t<\/div>\n\t\t\t\t<div class=\"elementor-column elementor-col-50 elementor-inner-column elementor-element elementor-element-885f91f\" data-id=\"885f91f\" data-element_type=\"column\" data-e-type=\"column\">\n\t\t\t<div class=\"elementor-widget-wrap elementor-element-populated\">\n\t\t\t\t\t\t<div class=\"elementor-element elementor-element-a40bed3 elementor-widget elementor-widget-text-editor\" data-id=\"a40bed3\" data-element_type=\"widget\" data-e-type=\"widget\" data-widget_type=\"text-editor.default\">\n\t\t\t\t<div class=\"elementor-widget-container\">\n\t\t\t\t\t\t\t\t\t<p>Visual Artist, born in Santiago de Chile, he studied painting at the Pontificia Universidad Cat\u00f3lica de Chile and later settled in the City of Mendoza, Argentina, where he currently resides. In this city he has developed most of his work, participating in different group shows, painting salons, contests and artistic interventions.<\/p><p>In 2013, with his project LA DOOPLA LUM\u00cdNICA he obtained 5th place in the international video mapping contest \u201cGreco Lux\u201d in Toledo, Spain, organized by VjSpain.<\/p><p>In 2017 he obtained the first prize in the 37th Painting Salon organized by the Professional Council of Economic Sciences, held at the Mendoza Stock Exchange.<\/p><p>His versatility has led him to work in different fields such as painting, illustration, post-production, video installation, vjing, design and animation.<\/p>\t\t\t\t\t\t\t\t<\/div>\n\t\t\t\t<\/div>\n\t\t\t\t\t<\/div>\n\t\t<\/div>\n\t\t\t\t\t<\/div>\n\t\t<\/section>\n\t\t\t\t\t<\/div>\n\t\t<\/div>\n\t\t\t\t\t<\/div>\n\t\t<\/section>\n\t\t\t\t<\/div>\n\t\t","protected":false},"excerpt":{"rendered":"<p>BIOGRAF\u00cdA \/ BIOGRAPHY Artista Visual, nacido en Santiago de Chile, curs\u00f3 estudios de pintura en la Pontificia Universidad Cat\u00f3lica de Chile para luego radicarse en la Ciudad de Mendoza, Argentina, donde reside actualmente. En esta ciudad ha desarrollado la mayor parte de su obra, participando en diferentes muestras colectivas, salones de pintura, concursos e intervenciones [&hellip;]<\/p>\n","protected":false},"author":1,"featured_media":0,"parent":0,"menu_order":0,"comment_status":"closed","ping_status":"closed","template":"elementor_header_footer","meta":{"footnotes":""},"class_list":["post-2784","page","type-page","status-publish","hentry"],"_links":{"self":[{"href":"https:\/\/franciscobustosarteaga.com.ar\/index.php\/wp-json\/wp\/v2\/pages\/2784","targetHints":{"allow":["GET"]}}],"collection":[{"href":"https:\/\/franciscobustosarteaga.com.ar\/index.php\/wp-json\/wp\/v2\/pages"}],"about":[{"href":"https:\/\/franciscobustosarteaga.com.ar\/index.php\/wp-json\/wp\/v2\/types\/page"}],"author":[{"embeddable":true,"href":"https:\/\/franciscobustosarteaga.com.ar\/index.php\/wp-json\/wp\/v2\/users\/1"}],"replies":[{"embeddable":true,"href":"https:\/\/franciscobustosarteaga.com.ar\/index.php\/wp-json\/wp\/v2\/comments?post=2784"}],"version-history":[{"count":5,"href":"https:\/\/franciscobustosarteaga.com.ar\/index.php\/wp-json\/wp\/v2\/pages\/2784\/revisions"}],"predecessor-version":[{"id":2791,"href":"https:\/\/franciscobustosarteaga.com.ar\/index.php\/wp-json\/wp\/v2\/pages\/2784\/revisions\/2791"}],"wp:attachment":[{"href":"https:\/\/franciscobustosarteaga.com.ar\/index.php\/wp-json\/wp\/v2\/media?parent=2784"}],"curies":[{"name":"wp","href":"https:\/\/api.w.org\/{rel}","templated":true}]}}